{"id":1807,"date":"2023-03-18T20:19:44","date_gmt":"2023-03-18T20:19:44","guid":{"rendered":"https:\/\/www.sob-saalfelden2.komd.hbla-saalfelden.at\/?page_id=1807"},"modified":"2025-05-15T10:21:39","modified_gmt":"2025-05-15T10:21:39","slug":"fach-sozialbetreuerin","status":"publish","type":"page","link":"https:\/\/www.sob-saalfelden.at\/?page_id=1807","title":{"rendered":"Vorbereitungslehrgang"},"content":{"rendered":"\n<div class=\"blockart-section blockart-section-6627d7e6\"><div class=\"blockart-container\"><div class=\"blockart-section-inner\">\n<div class=\"blockart-column blockart-column-0aa0e3f7\"><div class=\"blockart-column-inner\">\n<h5 class=\"blockart-heading blockart-heading-3dd3587e\"><br><br>Vorbereitungslehrgang <br><br>2 Semester<br><br>2 Halbtage\/Woche<br><br><\/h5>\n<\/div><\/div>\n\n\n\n<div class=\"blockart-column blockart-column-cf23b2d5\"><div class=\"blockart-column-inner\">\n<p>Der Vorbereitungslehrgang dient Personen, welche die Voraussetzungen f\u00fcr den Besuch der Fachausbildung nicht erf\u00fcllen oder dem Unterricht noch nicht ausreichend folgen k\u00f6nnen. Mit dem positiven Abschluss des Vorbereitungslehrganges besteht die M\u00f6glichkeit in die Ausbildung zur Fachsozialbetreuung bzw. Diplomsozialbetreuung einzusteigen. Die Zielgruppe des Vorbereitungslehrgangs sind insbesondere Jugendliche, welche die Ausbildungspflicht noch nicht erf\u00fcllt haben oder nach erfolgreichem Abschluss der Pflichtschule eine mittlere oder h\u00f6here Schule bzw. eine Lehre nicht erfolgreich abgeschlossen haben. Weiters richtet sich der Vorbereitungslehrgang an Menschen mit<br>Migrationshintergrund, die aufgrund sprachlicher Barrieren eine Ausbildung in der SOB noch nicht beginnen k\u00f6nnen.<\/p>\n\n\n\n<p><\/p>\n\n\n\n<p>Im Vorbereitungslehrgang werden Sie bestm\u00f6glich begleitet und unterst\u00fctzt. Ebenfalls erm\u00f6glicht der positive Abschluss die Zulassung zum Aufnahmeverfahren in der Tauernakademie sowie im Kardinal Schwarzenberg Akademie und der SALK. <\/p>\n\n\n\n<p>Der Zugang zum Vorbereitungslehrgang ist mit dem 16. Lebensjahr und beinhaltet:<br>&#8211; 480 Stunden in Theorie<br>&#8211; 640 Stunden in Praxis<\/p>\n\n\n\n<p>Die Stundentafel des Vorbereitungslehrganges sieht wie folgt aus:<\/p>\n\n\n\n<figure class=\"wp-block-image size-full\"><img decoding=\"async\" loading=\"lazy\" width=\"734\" height=\"708\" src=\"https:\/\/www.sob-saalfelden.at\/wp-content\/uploads\/2025\/05\/image.png\" alt=\"\" class=\"wp-image-6891\" srcset=\"https:\/\/www.sob-saalfelden.at\/wp-content\/uploads\/2025\/05\/image.png 734w, https:\/\/www.sob-saalfelden.at\/wp-content\/uploads\/2025\/05\/image-300x289.png 300w\" sizes=\"(max-width: 734px) 100vw, 734px\" \/><\/figure>\n\n\n\n<p><br><a rel=\"noreferrer noopener\" href=\"https:\/\/www.bmbwf.gv.at\/dam\/jcr:a5e63c0a-563d-4dbe-b813-6fd05a76534e\/Sozialbetreuungsberufe_final.pdf\" target=\"_blank\">Schule f\u00fcr Sozialbetreuungsberufe: Organisationsstatut<\/a><\/p>\n<\/div><\/div>\n<\/div><\/div><\/div>\n\n\n\n<div class=\"blockart-section blockart-section-439a1957\"><div class=\"blockart-container\"><div class=\"blockart-section-inner\">\n<div class=\"blockart-column blockart-column-2b630bbe\"><div class=\"blockart-column-inner\">\n<div class=\"blockart-image blockart-image-6393d9f7\"><img decoding=\"async\" loading=\"lazy\" class=\"wp-image-2075\" src=\"https:\/\/www.sob-saalfelden.at\/wp-content\/uploads\/2023\/03\/IMG_2299-scaled.jpg\" alt=\"\" height=\"1707\" width=\"2560\" srcset=\"https:\/\/www.sob-saalfelden.at\/wp-content\/uploads\/2023\/03\/IMG_2299-scaled.jpg 2560w, https:\/\/www.sob-saalfelden.at\/wp-content\/uploads\/2023\/03\/IMG_2299-300x200.jpg 300w, https:\/\/www.sob-saalfelden.at\/wp-content\/uploads\/2023\/03\/IMG_2299-1024x683.jpg 1024w, https:\/\/www.sob-saalfelden.at\/wp-content\/uploads\/2023\/03\/IMG_2299-768x512.jpg 768w, https:\/\/www.sob-saalfelden.at\/wp-content\/uploads\/2023\/03\/IMG_2299-1536x1024.jpg 1536w, https:\/\/www.sob-saalfelden.at\/wp-content\/uploads\/2023\/03\/IMG_2299-2048x1365.jpg 2048w\" sizes=\"(max-width: 2560px) 100vw, 2560px\" \/><\/div>\n<\/div><\/div>\n\n\n\n<div class=\"blockart-column blockart-column-4c3df0cd\"><div class=\"blockart-column-inner\">\n<div class=\"blockart-image blockart-image-c4ab20b9\"><img decoding=\"async\" loading=\"lazy\" class=\"wp-image-2074\" src=\"https:\/\/www.sob-saalfelden.at\/wp-content\/uploads\/2023\/03\/IMG_2270-scaled.jpg\" alt=\"\" height=\"1707\" width=\"2560\" srcset=\"https:\/\/www.sob-saalfelden.at\/wp-content\/uploads\/2023\/03\/IMG_2270-scaled.jpg 2560w, https:\/\/www.sob-saalfelden.at\/wp-content\/uploads\/2023\/03\/IMG_2270-300x200.jpg 300w, https:\/\/www.sob-saalfelden.at\/wp-content\/uploads\/2023\/03\/IMG_2270-1024x683.jpg 1024w, https:\/\/www.sob-saalfelden.at\/wp-content\/uploads\/2023\/03\/IMG_2270-768x512.jpg 768w, https:\/\/www.sob-saalfelden.at\/wp-content\/uploads\/2023\/03\/IMG_2270-1536x1024.jpg 1536w, https:\/\/www.sob-saalfelden.at\/wp-content\/uploads\/2023\/03\/IMG_2270-2048x1365.jpg 2048w\" sizes=\"(max-width: 2560px) 100vw, 2560px\" \/><\/div>\n<\/div><\/div>\n\n\n\n<div class=\"blockart-column blockart-column-d6fb905a\"><div class=\"blockart-column-inner\">\n<div class=\"blockart-image blockart-image-ed777167\"><img decoding=\"async\" loading=\"lazy\" class=\"wp-image-2072\" src=\"https:\/\/www.sob-saalfelden.at\/wp-content\/uploads\/2023\/03\/IMG_2250-scaled.jpg\" alt=\"\" height=\"1707\" width=\"2560\" srcset=\"https:\/\/www.sob-saalfelden.at\/wp-content\/uploads\/2023\/03\/IMG_2250-scaled.jpg 2560w, https:\/\/www.sob-saalfelden.at\/wp-content\/uploads\/2023\/03\/IMG_2250-300x200.jpg 300w, https:\/\/www.sob-saalfelden.at\/wp-content\/uploads\/2023\/03\/IMG_2250-1024x683.jpg 1024w, https:\/\/www.sob-saalfelden.at\/wp-content\/uploads\/2023\/03\/IMG_2250-768x512.jpg 768w, https:\/\/www.sob-saalfelden.at\/wp-content\/uploads\/2023\/03\/IMG_2250-1536x1024.jpg 1536w, https:\/\/www.sob-saalfelden.at\/wp-content\/uploads\/2023\/03\/IMG_2250-2048x1365.jpg 2048w\" sizes=\"(max-width: 2560px) 100vw, 2560px\" \/><\/div>\n<\/div><\/div>\n<\/div><\/div><\/div>\n\n\n\n<div class=\"blockart-section blockart-section-6c2ba0d1\"><div class=\"blockart-container\"><div class=\"blockart-section-inner\"><\/div><\/div><\/div>\n","protected":false},"excerpt":{"rendered":"","protected":false},"author":1,"featured_media":0,"parent":0,"menu_order":0,"comment_status":"closed","ping_status":"closed","template":"","meta":[],"yoast_head":"<!-- This site is optimized with the Yoast SEO plugin v20.11 - https:\/\/yoast.com\/wordpress\/plugins\/seo\/ -->\n<title>Vorbereitungslehrgang - SOB Saalfelden<\/title>\n<meta name=\"robots\" content=\"index, follow, max-snippet:-1, max-image-preview:large, max-video-preview:-1\" \/>\n<link rel=\"canonical\" href=\"https:\/\/www.sob-saalfelden.at\/?page_id=1807\" \/>\n<meta property=\"og:locale\" content=\"de_DE\" \/>\n<meta property=\"og:type\" content=\"article\" \/>\n<meta property=\"og:title\" content=\"Vorbereitungslehrgang - SOB Saalfelden\" \/>\n<meta property=\"og:url\" content=\"https:\/\/www.sob-saalfelden.at\/?page_id=1807\" \/>\n<meta property=\"og:site_name\" content=\"SOB Saalfelden\" \/>\n<meta property=\"article:publisher\" content=\"https:\/\/www.facebook.com\/profile.php?id=100054260961375&amp;locale=de_DE\" \/>\n<meta property=\"article:modified_time\" content=\"2025-05-15T10:21:39+00:00\" \/>\n<meta property=\"og:image\" content=\"https:\/\/www.sob-saalfelden.at\/wp-content\/uploads\/2023\/04\/banner1.jpg\" \/>\n\t<meta property=\"og:image:width\" content=\"2420\" \/>\n\t<meta property=\"og:image:height\" content=\"1000\" \/>\n\t<meta property=\"og:image:type\" content=\"image\/jpeg\" \/>\n<meta name=\"twitter:card\" content=\"summary_large_image\" \/>\n<meta name=\"twitter:label1\" content=\"Gesch\u00e4tzte Lesezeit\" \/>\n\t<meta name=\"twitter:data1\" content=\"1 Minute\" \/>\n<script type=\"application\/ld+json\" class=\"yoast-schema-graph\">{\"@context\":\"https:\/\/schema.org\",\"@graph\":[{\"@type\":\"WebPage\",\"@id\":\"https:\/\/www.sob-saalfelden.at\/?page_id=1807\",\"url\":\"https:\/\/www.sob-saalfelden.at\/?page_id=1807\",\"name\":\"Vorbereitungslehrgang - SOB Saalfelden\",\"isPartOf\":{\"@id\":\"https:\/\/www.sob-saalfelden.at\/#website\"},\"datePublished\":\"2023-03-18T20:19:44+00:00\",\"dateModified\":\"2025-05-15T10:21:39+00:00\",\"breadcrumb\":{\"@id\":\"https:\/\/www.sob-saalfelden.at\/?page_id=1807#breadcrumb\"},\"inLanguage\":\"de-AT\",\"potentialAction\":[{\"@type\":\"ReadAction\",\"target\":[\"https:\/\/www.sob-saalfelden.at\/?page_id=1807\"]}]},{\"@type\":\"BreadcrumbList\",\"@id\":\"https:\/\/www.sob-saalfelden.at\/?page_id=1807#breadcrumb\",\"itemListElement\":[{\"@type\":\"ListItem\",\"position\":1,\"name\":\"Home\",\"item\":\"https:\/\/www.sob-saalfelden.at\/\"},{\"@type\":\"ListItem\",\"position\":2,\"name\":\"Fach-Sozialbetreuer:in\"}]},{\"@type\":\"WebSite\",\"@id\":\"https:\/\/www.sob-saalfelden.at\/#website\",\"url\":\"https:\/\/www.sob-saalfelden.at\/\",\"name\":\"SOB Saalfelden\",\"description\":\"Schule f\u00fcr Sozialbetreuungsberufe\/Altenarbeit\",\"publisher\":{\"@id\":\"https:\/\/www.sob-saalfelden.at\/#organization\"},\"alternateName\":\"Schule f\u00fcr Sozialbetreuungsberufe\/Altenarbeit\",\"potentialAction\":[{\"@type\":\"SearchAction\",\"target\":{\"@type\":\"EntryPoint\",\"urlTemplate\":\"https:\/\/www.sob-saalfelden.at\/?s={search_term_string}\"},\"query-input\":\"required name=search_term_string\"}],\"inLanguage\":\"de-AT\"},{\"@type\":\"Organization\",\"@id\":\"https:\/\/www.sob-saalfelden.at\/#organization\",\"name\":\"SOB Saalfelden\",\"alternateName\":\"Schule f\u00fcr Sozialbetreuungsberufe\/Altenarbeit\",\"url\":\"https:\/\/www.sob-saalfelden.at\/\",\"logo\":{\"@type\":\"ImageObject\",\"inLanguage\":\"de-AT\",\"@id\":\"https:\/\/www.sob-saalfelden.at\/#\/schema\/logo\/image\/\",\"url\":\"https:\/\/www.sob-saalfelden.at\/wp-content\/uploads\/2023\/03\/sob-icon.png\",\"contentUrl\":\"https:\/\/www.sob-saalfelden.at\/wp-content\/uploads\/2023\/03\/sob-icon.png\",\"width\":99,\"height\":101,\"caption\":\"SOB Saalfelden\"},\"image\":{\"@id\":\"https:\/\/www.sob-saalfelden.at\/#\/schema\/logo\/image\/\"},\"sameAs\":[\"https:\/\/www.facebook.com\/profile.php?id=100054260961375&locale=de_DE\",\"https:\/\/www.instagram.com\/sob.saalfelden\/\"]}]}<\/script>\n<!-- \/ Yoast SEO plugin. -->","yoast_head_json":{"title":"Vorbereitungslehrgang - SOB Saalfelden","robots":{"index":"index","follow":"follow","max-snippet":"max-snippet:-1","max-image-preview":"max-image-preview:large","max-video-preview":"max-video-preview:-1"},"canonical":"https:\/\/www.sob-saalfelden.at\/?page_id=1807","og_locale":"de_DE","og_type":"article","og_title":"Vorbereitungslehrgang - SOB Saalfelden","og_url":"https:\/\/www.sob-saalfelden.at\/?page_id=1807","og_site_name":"SOB Saalfelden","article_publisher":"https:\/\/www.facebook.com\/profile.php?id=100054260961375&locale=de_DE","article_modified_time":"2025-05-15T10:21:39+00:00","og_image":[{"width":2420,"height":1000,"url":"https:\/\/www.sob-saalfelden.at\/wp-content\/uploads\/2023\/04\/banner1.jpg","type":"image\/jpeg"}],"twitter_card":"summary_large_image","twitter_misc":{"Gesch\u00e4tzte Lesezeit":"1 Minute"},"schema":{"@context":"https:\/\/schema.org","@graph":[{"@type":"WebPage","@id":"https:\/\/www.sob-saalfelden.at\/?page_id=1807","url":"https:\/\/www.sob-saalfelden.at\/?page_id=1807","name":"Vorbereitungslehrgang - SOB Saalfelden","isPartOf":{"@id":"https:\/\/www.sob-saalfelden.at\/#website"},"datePublished":"2023-03-18T20:19:44+00:00","dateModified":"2025-05-15T10:21:39+00:00","breadcrumb":{"@id":"https:\/\/www.sob-saalfelden.at\/?page_id=1807#breadcrumb"},"inLanguage":"de-AT","potentialAction":[{"@type":"ReadAction","target":["https:\/\/www.sob-saalfelden.at\/?page_id=1807"]}]},{"@type":"BreadcrumbList","@id":"https:\/\/www.sob-saalfelden.at\/?page_id=1807#breadcrumb","itemListElement":[{"@type":"ListItem","position":1,"name":"Home","item":"https:\/\/www.sob-saalfelden.at\/"},{"@type":"ListItem","position":2,"name":"Fach-Sozialbetreuer:in"}]},{"@type":"WebSite","@id":"https:\/\/www.sob-saalfelden.at\/#website","url":"https:\/\/www.sob-saalfelden.at\/","name":"SOB Saalfelden","description":"Schule f\u00fcr Sozialbetreuungsberufe\/Altenarbeit","publisher":{"@id":"https:\/\/www.sob-saalfelden.at\/#organization"},"alternateName":"Schule f\u00fcr Sozialbetreuungsberufe\/Altenarbeit","potentialAction":[{"@type":"SearchAction","target":{"@type":"EntryPoint","urlTemplate":"https:\/\/www.sob-saalfelden.at\/?s={search_term_string}"},"query-input":"required name=search_term_string"}],"inLanguage":"de-AT"},{"@type":"Organization","@id":"https:\/\/www.sob-saalfelden.at\/#organization","name":"SOB Saalfelden","alternateName":"Schule f\u00fcr Sozialbetreuungsberufe\/Altenarbeit","url":"https:\/\/www.sob-saalfelden.at\/","logo":{"@type":"ImageObject","inLanguage":"de-AT","@id":"https:\/\/www.sob-saalfelden.at\/#\/schema\/logo\/image\/","url":"https:\/\/www.sob-saalfelden.at\/wp-content\/uploads\/2023\/03\/sob-icon.png","contentUrl":"https:\/\/www.sob-saalfelden.at\/wp-content\/uploads\/2023\/03\/sob-icon.png","width":99,"height":101,"caption":"SOB Saalfelden"},"image":{"@id":"https:\/\/www.sob-saalfelden.at\/#\/schema\/logo\/image\/"},"sameAs":["https:\/\/www.facebook.com\/profile.php?id=100054260961375&locale=de_DE","https:\/\/www.instagram.com\/sob.saalfelden\/"]}]}},"_links":{"self":[{"href":"https:\/\/www.sob-saalfelden.at\/index.php?rest_route=\/wp\/v2\/pages\/1807"}],"collection":[{"href":"https:\/\/www.sob-saalfelden.at\/index.php?rest_route=\/wp\/v2\/pages"}],"about":[{"href":"https:\/\/www.sob-saalfelden.at\/index.php?rest_route=\/wp\/v2\/types\/page"}],"author":[{"embeddable":true,"href":"https:\/\/www.sob-saalfelden.at\/index.php?rest_route=\/wp\/v2\/users\/1"}],"replies":[{"embeddable":true,"href":"https:\/\/www.sob-saalfelden.at\/index.php?rest_route=%2Fwp%2Fv2%2Fcomments&post=1807"}],"version-history":[{"count":21,"href":"https:\/\/www.sob-saalfelden.at\/index.php?rest_route=\/wp\/v2\/pages\/1807\/revisions"}],"predecessor-version":[{"id":7057,"href":"https:\/\/www.sob-saalfelden.at\/index.php?rest_route=\/wp\/v2\/pages\/1807\/revisions\/7057"}],"wp:attachment":[{"href":"https:\/\/www.sob-saalfelden.at\/index.php?rest_route=%2Fwp%2Fv2%2Fmedia&parent=1807"}],"curies":[{"name":"wp","href":"https:\/\/api.w.org\/{rel}","templated":true}]}}