{"id":1810,"date":"2023-03-18T20:21:27","date_gmt":"2023-03-18T20:21:27","guid":{"rendered":"https:\/\/www.sob-saalfelden2.komd.hbla-saalfelden.at\/?page_id=1810"},"modified":"2025-05-17T16:06:14","modified_gmt":"2025-05-17T16:06:14","slug":"diplom-sozialbetreuerin","status":"publish","type":"page","link":"https:\/\/www.sob-saalfelden.at\/?page_id=1810","title":{"rendered":"Diplom-Sozialbetreuer:in"},"content":{"rendered":"\n<div class=\"blockart-section blockart-section-6627d7e6\"><div class=\"blockart-container\"><div class=\"blockart-section-inner\">\n<div class=\"blockart-column blockart-column-0aa0e3f7\"><div class=\"blockart-column-inner\">\n<h5 class=\"blockart-heading blockart-heading-3dd3587e\"><br><br><br>Diplom-Sozialbetreuer:in<br><br>Berufsbild \u00a711<br><a rel=\"noreferrer noopener\" href=\"https:\/\/www.salzburg.gv.at\/00201lpi\/13Gesetzgebungsperiode\/6Session\/144.pdf\" target=\"_blank\">Sozialbetreuungsberufegesetz Salzburg<\/a><br><br><br>Teilzeitform mit 2,5 Semester<br><br>1-2 Tage in Saalfelden<br><br><br><br><br><br><br><br><br><\/h5>\n\n\n\n<p class=\"has-text-align-center has-vivid-red-color has-text-color has-medium-font-size\"><strong>F\u00f6rderm\u00f6glichkeiten:<\/strong><\/p>\n\n\n\n<p><a href=\"https:\/\/www.oesterreich.gv.at\/themen\/arbeit_beruf_und_pension\/stipendien\/pflegestipendium.html\">Pflegestipendium<\/a><\/p>\n\n\n\n<p class=\"has-text-align-left\"><a rel=\"noreferrer noopener\" href=\"https:\/\/pgs-salzburg.at\/\" target=\"_blank\">Pflegestiftung<\/a><\/p>\n\n\n\n<p class=\"has-text-align-left\"><a rel=\"noreferrer noopener\" href=\"https:\/\/www.biber-salzburg.at\/information\/finanzierung-und-foerderungen\/pflegestipendium-pflegeausbildungszuschuss\" target=\"_blank\">Pflegeausbildungszuschuss<\/a><\/p>\n<\/div><\/div>\n\n\n\n<div class=\"blockart-column blockart-column-cf23b2d5\"><div class=\"blockart-column-inner\">\n<p>Die Diplom-Sozialbetreuerin oder der Diplom-Sozialbetreuer \u00fcbt s\u00e4mtliche T\u00e4tigkeiten des Berufs der Fach-Sozialbetreuerin oder des Fach-Sozialbetreuers aus, sie bzw er tut dies aber auf Grundlage einer vertieften, wissenschaftlich fundierten Ausbildung mit h\u00f6herer Selbstst\u00e4ndigkeit und Eigenverantwortlichkeit. Dar\u00fcber hinaus verf\u00fcgt sie bzw er \u00fcber die Kompetenz zur Mitwirkung an der fachlichen Weiterentwicklung des Dienstleistungsangebotes der eigenen Organisation und zur Durchf\u00fchrung von Ma\u00dfnahmen der Qualit\u00e4tssicherung.<\/p>\n\n\n\n<p><\/p>\n\n\n\n<p>Der Diplom-Sozialbetreuerin oder dem Diplom-Sozialbetreuer obliegt die Konzeption und Planung der Betreuungsarbeit sowie die Koordination und die fachliche Anleitung von sonstigen Personen, die an der Sozialbetreuung mitwirken<\/p>\n\n\n\n<p><strong>Die Diplomsozialbetreuung wird angeboten in den Schwerpunkten:<\/strong><br># Altenarbeit<br># Behindertenarbeit<br># Behindertenbegleitung<\/p>\n\n\n\n<p><strong>Umfang der Ausbildung:<\/strong><br># 620 Stunden Theorie<br># 600 Stunden Praxis<\/p>\n\n\n\n<p><strong>Aufnahmevoraussetzungen:<\/strong><br># Positiver Abschluss der Fachausbildung im jeweiligen Schwerpunkt<br># Vorliegen der Aufnahmevoraussetzungen der Fachausbildung<\/p>\n\n\n\n<p> <a href=\"http:\/\/bmbwf.gv.at\/dam\/jcr:a5e63c0a-563d-4dbe-b813-6fd05a76534e\/Sozialbetreuungsberufe_final.pdf\" target=\"_blank\" rel=\"noreferrer noopener\">Schule f\u00fcr Sozialbetreuungsberufe: Organisationsstatut<\/a><\/p>\n\n\n\n<p> <\/p>\n<\/div><\/div>\n<\/div><\/div><\/div>\n\n\n\n<p>                                                                <\/p>\n\n\n\n<div class=\"blockart-section blockart-section-da66738a\"><div class=\"blockart-container-fluid\"><div class=\"blockart-section-inner\">\n<div class=\"blockart-column blockart-column-06a735d6\"><div class=\"blockart-column-inner\">\n<div class=\"blockart-image blockart-image-656f3297\"><img decoding=\"async\" loading=\"lazy\" width=\"1280\" height=\"746\" class=\"wp-image-7109\" src=\"https:\/\/www.sob-saalfelden.at\/wp-content\/uploads\/2025\/05\/seniors-1505935_1280.jpg\" alt=\"https:\/\/pixabay.com\/de\/illustrations\/senioren-altenpflege-schutz-1505935\/\" srcset=\"https:\/\/www.sob-saalfelden.at\/wp-content\/uploads\/2025\/05\/seniors-1505935_1280.jpg 1280w, https:\/\/www.sob-saalfelden.at\/wp-content\/uploads\/2025\/05\/seniors-1505935_1280-300x175.jpg 300w, https:\/\/www.sob-saalfelden.at\/wp-content\/uploads\/2025\/05\/seniors-1505935_1280-1024x597.jpg 1024w, https:\/\/www.sob-saalfelden.at\/wp-content\/uploads\/2025\/05\/seniors-1505935_1280-768x448.jpg 768w\" sizes=\"(max-width: 1280px) 100vw, 1280px\" \/><\/div>\n<\/div><\/div>\n\n\n\n<div class=\"blockart-column blockart-column-6a8066e9\"><div class=\"blockart-column-inner\">\n<div class=\"blockart-image blockart-image-f47dc715\"><img decoding=\"async\" loading=\"lazy\" class=\"wp-image-5161\" src=\"https:\/\/www.sob-saalfelden.at\/wp-content\/uploads\/2024\/05\/IMG_6126-scaled.jpg\" alt=\"\" height=\"2560\" width=\"1920\" srcset=\"https:\/\/www.sob-saalfelden.at\/wp-content\/uploads\/2024\/05\/IMG_6126-scaled.jpg 1920w, https:\/\/www.sob-saalfelden.at\/wp-content\/uploads\/2024\/05\/IMG_6126-225x300.jpg 225w, https:\/\/www.sob-saalfelden.at\/wp-content\/uploads\/2024\/05\/IMG_6126-768x1024.jpg 768w, https:\/\/www.sob-saalfelden.at\/wp-content\/uploads\/2024\/05\/IMG_6126-1152x1536.jpg 1152w, https:\/\/www.sob-saalfelden.at\/wp-content\/uploads\/2024\/05\/IMG_6126-1536x2048.jpg 1536w\" sizes=\"(max-width: 1920px) 100vw, 1920px\" \/><\/div>\n<\/div><\/div>\n\n\n\n<div class=\"blockart-column blockart-column-38451332\"><div class=\"blockart-column-inner\">\n<div class=\"blockart-image blockart-image-85461bdc\"><img decoding=\"async\" loading=\"lazy\" class=\"wp-image-2188\" src=\"https:\/\/www.sob-saalfelden.at\/wp-content\/uploads\/2023\/04\/portfolio1.jpg\" alt=\"\" height=\"440\" width=\"440\" srcset=\"https:\/\/www.sob-saalfelden.at\/wp-content\/uploads\/2023\/04\/portfolio1.jpg 440w, https:\/\/www.sob-saalfelden.at\/wp-content\/uploads\/2023\/04\/portfolio1-300x300.jpg 300w, https:\/\/www.sob-saalfelden.at\/wp-content\/uploads\/2023\/04\/portfolio1-150x150.jpg 150w\" sizes=\"(max-width: 440px) 100vw, 440px\" \/><\/div>\n<\/div><\/div>\n\n\n\n<div class=\"blockart-column blockart-column-7a378762\"><div class=\"blockart-column-inner\">\n<div class=\"blockart-image blockart-image-31aca2dc\"><img decoding=\"async\" loading=\"lazy\" width=\"1280\" height=\"857\" class=\"wp-image-7110\" src=\"https:\/\/www.sob-saalfelden.at\/wp-content\/uploads\/2025\/05\/disabled-72211_1280.jpg\" alt=\"https:\/\/pixabay.com\/de\/photos\/deaktiviert-rollstuhl-krankenhaus-72211\/\" srcset=\"https:\/\/www.sob-saalfelden.at\/wp-content\/uploads\/2025\/05\/disabled-72211_1280.jpg 1280w, https:\/\/www.sob-saalfelden.at\/wp-content\/uploads\/2025\/05\/disabled-72211_1280-300x201.jpg 300w, https:\/\/www.sob-saalfelden.at\/wp-content\/uploads\/2025\/05\/disabled-72211_1280-1024x686.jpg 1024w, https:\/\/www.sob-saalfelden.at\/wp-content\/uploads\/2025\/05\/disabled-72211_1280-768x514.jpg 768w\" sizes=\"(max-width: 1280px) 100vw, 1280px\" \/><\/div>\n<\/div><\/div>\n<\/div><\/div><\/div>\n","protected":false},"excerpt":{"rendered":"","protected":false},"author":5,"featured_media":0,"parent":0,"menu_order":0,"comment_status":"closed","ping_status":"closed","template":"","meta":[],"yoast_head":"<!-- This site is optimized with the Yoast SEO plugin v20.11 - https:\/\/yoast.com\/wordpress\/plugins\/seo\/ -->\n<title>Diplom-Sozialbetreuer:in - SOB Saalfelden<\/title>\n<meta name=\"robots\" content=\"index, follow, max-snippet:-1, max-image-preview:large, max-video-preview:-1\" \/>\n<link rel=\"canonical\" href=\"https:\/\/www.sob-saalfelden.at\/?page_id=1810\" \/>\n<meta property=\"og:locale\" content=\"de_DE\" \/>\n<meta property=\"og:type\" content=\"article\" \/>\n<meta property=\"og:title\" content=\"Diplom-Sozialbetreuer:in - SOB Saalfelden\" \/>\n<meta property=\"og:url\" content=\"https:\/\/www.sob-saalfelden.at\/?page_id=1810\" \/>\n<meta property=\"og:site_name\" content=\"SOB Saalfelden\" \/>\n<meta property=\"article:publisher\" content=\"https:\/\/www.facebook.com\/profile.php?id=100054260961375&amp;locale=de_DE\" \/>\n<meta property=\"article:modified_time\" content=\"2025-05-17T16:06:14+00:00\" \/>\n<meta property=\"og:image\" content=\"https:\/\/www.sob-saalfelden.at\/wp-content\/uploads\/2023\/04\/banner1.jpg\" \/>\n\t<meta property=\"og:image:width\" content=\"2420\" \/>\n\t<meta property=\"og:image:height\" content=\"1000\" \/>\n\t<meta property=\"og:image:type\" content=\"image\/jpeg\" \/>\n<meta name=\"twitter:card\" content=\"summary_large_image\" \/>\n<meta name=\"twitter:label1\" content=\"Gesch\u00e4tzte Lesezeit\" \/>\n\t<meta name=\"twitter:data1\" content=\"1 Minute\" \/>\n<script type=\"application\/ld+json\" class=\"yoast-schema-graph\">{\"@context\":\"https:\/\/schema.org\",\"@graph\":[{\"@type\":\"WebPage\",\"@id\":\"https:\/\/www.sob-saalfelden.at\/?page_id=1810\",\"url\":\"https:\/\/www.sob-saalfelden.at\/?page_id=1810\",\"name\":\"Diplom-Sozialbetreuer:in - SOB Saalfelden\",\"isPartOf\":{\"@id\":\"https:\/\/www.sob-saalfelden.at\/#website\"},\"datePublished\":\"2023-03-18T20:21:27+00:00\",\"dateModified\":\"2025-05-17T16:06:14+00:00\",\"breadcrumb\":{\"@id\":\"https:\/\/www.sob-saalfelden.at\/?page_id=1810#breadcrumb\"},\"inLanguage\":\"de-AT\",\"potentialAction\":[{\"@type\":\"ReadAction\",\"target\":[\"https:\/\/www.sob-saalfelden.at\/?page_id=1810\"]}]},{\"@type\":\"BreadcrumbList\",\"@id\":\"https:\/\/www.sob-saalfelden.at\/?page_id=1810#breadcrumb\",\"itemListElement\":[{\"@type\":\"ListItem\",\"position\":1,\"name\":\"Home\",\"item\":\"https:\/\/www.sob-saalfelden.at\/\"},{\"@type\":\"ListItem\",\"position\":2,\"name\":\"Diplom-Sozialbetreuer:in\"}]},{\"@type\":\"WebSite\",\"@id\":\"https:\/\/www.sob-saalfelden.at\/#website\",\"url\":\"https:\/\/www.sob-saalfelden.at\/\",\"name\":\"SOB Saalfelden\",\"description\":\"Schule f\u00fcr Sozialbetreuungsberufe\/Altenarbeit\",\"publisher\":{\"@id\":\"https:\/\/www.sob-saalfelden.at\/#organization\"},\"alternateName\":\"Schule f\u00fcr Sozialbetreuungsberufe\/Altenarbeit\",\"potentialAction\":[{\"@type\":\"SearchAction\",\"target\":{\"@type\":\"EntryPoint\",\"urlTemplate\":\"https:\/\/www.sob-saalfelden.at\/?s={search_term_string}\"},\"query-input\":\"required name=search_term_string\"}],\"inLanguage\":\"de-AT\"},{\"@type\":\"Organization\",\"@id\":\"https:\/\/www.sob-saalfelden.at\/#organization\",\"name\":\"SOB Saalfelden\",\"alternateName\":\"Schule f\u00fcr Sozialbetreuungsberufe\/Altenarbeit\",\"url\":\"https:\/\/www.sob-saalfelden.at\/\",\"logo\":{\"@type\":\"ImageObject\",\"inLanguage\":\"de-AT\",\"@id\":\"https:\/\/www.sob-saalfelden.at\/#\/schema\/logo\/image\/\",\"url\":\"https:\/\/www.sob-saalfelden.at\/wp-content\/uploads\/2023\/03\/sob-icon.png\",\"contentUrl\":\"https:\/\/www.sob-saalfelden.at\/wp-content\/uploads\/2023\/03\/sob-icon.png\",\"width\":99,\"height\":101,\"caption\":\"SOB Saalfelden\"},\"image\":{\"@id\":\"https:\/\/www.sob-saalfelden.at\/#\/schema\/logo\/image\/\"},\"sameAs\":[\"https:\/\/www.facebook.com\/profile.php?id=100054260961375&locale=de_DE\",\"https:\/\/www.instagram.com\/sob.saalfelden\/\"]}]}<\/script>\n<!-- \/ Yoast SEO plugin. -->","yoast_head_json":{"title":"Diplom-Sozialbetreuer:in - SOB Saalfelden","robots":{"index":"index","follow":"follow","max-snippet":"max-snippet:-1","max-image-preview":"max-image-preview:large","max-video-preview":"max-video-preview:-1"},"canonical":"https:\/\/www.sob-saalfelden.at\/?page_id=1810","og_locale":"de_DE","og_type":"article","og_title":"Diplom-Sozialbetreuer:in - SOB Saalfelden","og_url":"https:\/\/www.sob-saalfelden.at\/?page_id=1810","og_site_name":"SOB Saalfelden","article_publisher":"https:\/\/www.facebook.com\/profile.php?id=100054260961375&locale=de_DE","article_modified_time":"2025-05-17T16:06:14+00:00","og_image":[{"width":2420,"height":1000,"url":"https:\/\/www.sob-saalfelden.at\/wp-content\/uploads\/2023\/04\/banner1.jpg","type":"image\/jpeg"}],"twitter_card":"summary_large_image","twitter_misc":{"Gesch\u00e4tzte Lesezeit":"1 Minute"},"schema":{"@context":"https:\/\/schema.org","@graph":[{"@type":"WebPage","@id":"https:\/\/www.sob-saalfelden.at\/?page_id=1810","url":"https:\/\/www.sob-saalfelden.at\/?page_id=1810","name":"Diplom-Sozialbetreuer:in - SOB Saalfelden","isPartOf":{"@id":"https:\/\/www.sob-saalfelden.at\/#website"},"datePublished":"2023-03-18T20:21:27+00:00","dateModified":"2025-05-17T16:06:14+00:00","breadcrumb":{"@id":"https:\/\/www.sob-saalfelden.at\/?page_id=1810#breadcrumb"},"inLanguage":"de-AT","potentialAction":[{"@type":"ReadAction","target":["https:\/\/www.sob-saalfelden.at\/?page_id=1810"]}]},{"@type":"BreadcrumbList","@id":"https:\/\/www.sob-saalfelden.at\/?page_id=1810#breadcrumb","itemListElement":[{"@type":"ListItem","position":1,"name":"Home","item":"https:\/\/www.sob-saalfelden.at\/"},{"@type":"ListItem","position":2,"name":"Diplom-Sozialbetreuer:in"}]},{"@type":"WebSite","@id":"https:\/\/www.sob-saalfelden.at\/#website","url":"https:\/\/www.sob-saalfelden.at\/","name":"SOB Saalfelden","description":"Schule f\u00fcr Sozialbetreuungsberufe\/Altenarbeit","publisher":{"@id":"https:\/\/www.sob-saalfelden.at\/#organization"},"alternateName":"Schule f\u00fcr Sozialbetreuungsberufe\/Altenarbeit","potentialAction":[{"@type":"SearchAction","target":{"@type":"EntryPoint","urlTemplate":"https:\/\/www.sob-saalfelden.at\/?s={search_term_string}"},"query-input":"required name=search_term_string"}],"inLanguage":"de-AT"},{"@type":"Organization","@id":"https:\/\/www.sob-saalfelden.at\/#organization","name":"SOB Saalfelden","alternateName":"Schule f\u00fcr Sozialbetreuungsberufe\/Altenarbeit","url":"https:\/\/www.sob-saalfelden.at\/","logo":{"@type":"ImageObject","inLanguage":"de-AT","@id":"https:\/\/www.sob-saalfelden.at\/#\/schema\/logo\/image\/","url":"https:\/\/www.sob-saalfelden.at\/wp-content\/uploads\/2023\/03\/sob-icon.png","contentUrl":"https:\/\/www.sob-saalfelden.at\/wp-content\/uploads\/2023\/03\/sob-icon.png","width":99,"height":101,"caption":"SOB Saalfelden"},"image":{"@id":"https:\/\/www.sob-saalfelden.at\/#\/schema\/logo\/image\/"},"sameAs":["https:\/\/www.facebook.com\/profile.php?id=100054260961375&locale=de_DE","https:\/\/www.instagram.com\/sob.saalfelden\/"]}]}},"_links":{"self":[{"href":"https:\/\/www.sob-saalfelden.at\/index.php?rest_route=\/wp\/v2\/pages\/1810"}],"collection":[{"href":"https:\/\/www.sob-saalfelden.at\/index.php?rest_route=\/wp\/v2\/pages"}],"about":[{"href":"https:\/\/www.sob-saalfelden.at\/index.php?rest_route=\/wp\/v2\/types\/page"}],"author":[{"embeddable":true,"href":"https:\/\/www.sob-saalfelden.at\/index.php?rest_route=\/wp\/v2\/users\/5"}],"replies":[{"embeddable":true,"href":"https:\/\/www.sob-saalfelden.at\/index.php?rest_route=%2Fwp%2Fv2%2Fcomments&post=1810"}],"version-history":[{"count":20,"href":"https:\/\/www.sob-saalfelden.at\/index.php?rest_route=\/wp\/v2\/pages\/1810\/revisions"}],"predecessor-version":[{"id":7113,"href":"https:\/\/www.sob-saalfelden.at\/index.php?rest_route=\/wp\/v2\/pages\/1810\/revisions\/7113"}],"wp:attachment":[{"href":"https:\/\/www.sob-saalfelden.at\/index.php?rest_route=%2Fwp%2Fv2%2Fmedia&parent=1810"}],"curies":[{"name":"wp","href":"https:\/\/api.w.org\/{rel}","templated":true}]}}