{"id":1816,"date":"2023-03-18T20:22:13","date_gmt":"2023-03-18T20:22:13","guid":{"rendered":"https:\/\/www.sob-saalfelden2.komd.hbla-saalfelden.at\/?page_id=1816"},"modified":"2025-05-23T10:18:12","modified_gmt":"2025-05-23T10:18:12","slug":"schwerpunkt-behindertenarbeit-fachsozialbetreuung","status":"publish","type":"page","link":"https:\/\/www.sob-saalfelden.at\/?page_id=1816","title":{"rendered":"Schwerpunkt Behindertenarbeit &#8211; Fachsozialbetreuung"},"content":{"rendered":"\n<div class=\"blockart-section blockart-section-6627d7e6\"><div class=\"blockart-container\"><div class=\"blockart-section-inner\">\n<div class=\"blockart-column blockart-column-0aa0e3f7\"><div class=\"blockart-column-inner\">\n<h5 class=\"blockart-heading blockart-heading-3dd3587e\"><br><br>Schwerpunkt Behindertenarbeit \u2013 Fachsozialbetreuung<br><br>Berufsbild<br><a rel=\"noreferrer noopener\" href=\"https:\/\/www.salzburg.gv.at\/00201lpi\/13Gesetzgebungsperiode\/6Session\/144.pdf\" target=\"_blank\">\u00a7 10 Sozialbetreuungsberufegesetz Salzburg<\/a><br><br><br><br>Vollzeitform mit 4 Semester inkl. Pflegeassistenz am Standort Saalfelden<br><br><br><br>Teilzeitform mit 5 Semester inkl. Pflegeassistenz mit 2 ganzen Tagen in Bramberg oder Saalfelden bzw. <br>3 Abende am Standort Saalfelden.<br><br><br><br><\/h5>\n\n\n\n<p class=\"has-text-align-center has-vivid-red-color has-text-color has-medium-font-size\" style=\"font-style:normal;font-weight:700\">F\u00f6rderm\u00f6glichkeiten:<\/p>\n\n\n\n<p><a rel=\"noreferrer noopener\" href=\"https:\/\/www.oesterreich.gv.at\/themen\/arbeit_beruf_und_pension\/stipendien\/pflegestipendium.html\" target=\"_blank\">Pflegestipendium<\/a><\/p>\n\n\n\n<p><a href=\"https:\/\/pgs-salzburg.at\/\" target=\"_blank\" rel=\"noreferrer noopener\">Pflegestiftung<\/a><\/p>\n\n\n\n<p><a rel=\"noreferrer noopener\" href=\"https:\/\/www.biber-salzburg.at\/information\/finanzierung-und-foerderungen\/pflegestipendium-pflegeausbildungszuschuss\" target=\"_blank\">Pflegeausbildungszuschuss<\/a><\/p>\n<\/div><\/div>\n\n\n\n<div class=\"blockart-column blockart-column-cf23b2d5\"><div class=\"blockart-column-inner\">\n<p>Der T\u00e4tigkeitsbereich der Fach-Sozialbetreuerin oder des Fach-Sozialbetreuers Behindertenarbeit umfasst:<\/p>\n\n\n\n<ol>\n<li>in einem eigenverantwortlichen Bereich: Ma\u00dfnahmen der Anleitung, Anregung, Beratung, F\u00f6rderung und erforderlichenfalls der Intervention f\u00fcr Menschen mit Behinderung, wobei die Aufgaben bei der Fach-Sozialbetreuerin oder dem Fach-Sozialbetreuer BB verst\u00e4rkt und vertieft insbesondere in der Beratung und Begleitung liegen;<\/li>\n\n\n\n<li>im \u00dcbrigen: die pflegerischen Befugnisse als Pflegeassistentin oder als Pflegeassistent nach dem GuKG.<\/li>\n<\/ol>\n\n\n\n<p>Zum eigenverantwortlichen Bereich geh\u00f6ren insbesondere folgende Aufgaben:<\/p>\n\n\n\n<ol>\n<li>die Unterst\u00fctzung bei Kontakten zu anderen Personen, die F\u00f6rderung der Teilnahme am sozialen Leben sowie die Begleitung in Fragen der Partnerschaft und Sexualit\u00e4t;<\/li>\n\n\n\n<li>die Interessensabkl\u00e4rung, die F\u00f6rderung und das Training im Bereich Besch\u00e4ftigung und Arbeit;<\/li>\n\n\n\n<li>die Freizeitgestaltung, Entspannung und Erholung, Hobbys, Feste und Feiern, der Einsatz musisch-kreativer Mittel und die Bewegung zur Bildung und Pers\u00f6nlichkeitsentfaltung, die F\u00f6rderung von Wahrnehmung, Kreativit\u00e4t, Sinnesschulung und \u00e4sthetischer Bildung;<\/li>\n\n\n\n<li>die Begleitung bei Krankheit, Trauer und Tod von Bekannten und Angeh\u00f6rigen mit dem Ziel der Sinnstiftung sowie die Sterbebegleitung.<br><br><strong>Umfang der Ausbildung:<\/strong><br># 1368 Stunden Theorie inkl. Pflegeassistenz in der Teilzeitform<br># 1545 Stunden Theorie inkl. Pflegeassistenz in der Vollzeitform<br># 1320 Stunden Praxis inkl. Demenzbegleitung<br><br><br><a rel=\"noreferrer noopener\" href=\"http:\/\/bmbwf.gv.at\/dam\/jcr:a5e63c0a-563d-4dbe-b813-6fd05a76534e\/Sozialbetreuungsberufe_final.pdf\" target=\"_blank\">Schule f\u00fcr Sozialbetreuungsberufe: Organisationsstatut<\/a><\/li>\n<\/ol>\n<\/div><\/div>\n<\/div><\/div><\/div>\n\n\n\n<h2 class=\"blockart-heading blockart-heading-c39eeacb\"><br><br><br><br><br><\/h2>\n\n\n\n<div class=\"blockart-section blockart-section-82b0b271\"><div class=\"blockart-container\"><div class=\"blockart-section-inner\">\n<div class=\"blockart-column blockart-column-5bf121bc\"><div class=\"blockart-column-inner\">\n<div class=\"blockart-image blockart-image-23ad832e\"><img decoding=\"async\" loading=\"lazy\" width=\"1280\" height=\"853\" class=\"wp-image-7161\" src=\"https:\/\/www.sob-saalfelden.at\/wp-content\/uploads\/2025\/05\/team-4529717_1280.jpg\" alt=\"https:\/\/pixabay.com\/de\/photos\/team-freundschaft-gruppe-h%C3%A4nde-4529717\/\" srcset=\"https:\/\/www.sob-saalfelden.at\/wp-content\/uploads\/2025\/05\/team-4529717_1280.jpg 1280w, https:\/\/www.sob-saalfelden.at\/wp-content\/uploads\/2025\/05\/team-4529717_1280-300x200.jpg 300w, https:\/\/www.sob-saalfelden.at\/wp-content\/uploads\/2025\/05\/team-4529717_1280-1024x682.jpg 1024w, https:\/\/www.sob-saalfelden.at\/wp-content\/uploads\/2025\/05\/team-4529717_1280-768x512.jpg 768w\" sizes=\"(max-width: 1280px) 100vw, 1280px\" \/><\/div>\n<\/div><\/div>\n\n\n\n<div class=\"blockart-column blockart-column-467f2635\"><div class=\"blockart-column-inner\">\n<div class=\"blockart-image blockart-image-75fe4c31\"><img decoding=\"async\" loading=\"lazy\" class=\"wp-image-5160\" src=\"https:\/\/www.sob-saalfelden.at\/wp-content\/uploads\/2024\/05\/IMG_6122-scaled.jpg\" alt=\"\" height=\"2560\" width=\"1920\" srcset=\"https:\/\/www.sob-saalfelden.at\/wp-content\/uploads\/2024\/05\/IMG_6122-scaled.jpg 1920w, https:\/\/www.sob-saalfelden.at\/wp-content\/uploads\/2024\/05\/IMG_6122-225x300.jpg 225w, https:\/\/www.sob-saalfelden.at\/wp-content\/uploads\/2024\/05\/IMG_6122-768x1024.jpg 768w, https:\/\/www.sob-saalfelden.at\/wp-content\/uploads\/2024\/05\/IMG_6122-1152x1536.jpg 1152w, https:\/\/www.sob-saalfelden.at\/wp-content\/uploads\/2024\/05\/IMG_6122-1536x2048.jpg 1536w\" sizes=\"(max-width: 1920px) 100vw, 1920px\" \/><\/div>\n<\/div><\/div>\n\n\n\n<div class=\"blockart-column blockart-column-bf340f0d\"><div class=\"blockart-column-inner\">\n<div class=\"blockart-image blockart-image-39e9a6c0\"><img decoding=\"async\" loading=\"lazy\" class=\"wp-image-2283\" src=\"https:\/\/www.sob-saalfelden.at\/wp-content\/uploads\/2023\/04\/schluessel.jpg\" alt=\"\" height=\"500\" width=\"700\" srcset=\"https:\/\/www.sob-saalfelden.at\/wp-content\/uploads\/2023\/04\/schluessel.jpg 700w, https:\/\/www.sob-saalfelden.at\/wp-content\/uploads\/2023\/04\/schluessel-300x214.jpg 300w\" sizes=\"(max-width: 700px) 100vw, 700px\" \/><\/div>\n<\/div><\/div>\n<\/div><\/div><\/div>\n","protected":false},"excerpt":{"rendered":"","protected":false},"author":1,"featured_media":0,"parent":0,"menu_order":0,"comment_status":"closed","ping_status":"closed","template":"","meta":[],"yoast_head":"<!-- This site is optimized with the Yoast SEO plugin v20.11 - https:\/\/yoast.com\/wordpress\/plugins\/seo\/ -->\n<title>Schwerpunkt Behindertenarbeit - Fachsozialbetreuung - SOB Saalfelden<\/title>\n<meta name=\"robots\" content=\"index, follow, max-snippet:-1, max-image-preview:large, max-video-preview:-1\" \/>\n<link rel=\"canonical\" href=\"https:\/\/www.sob-saalfelden.at\/?page_id=1816\" \/>\n<meta property=\"og:locale\" content=\"de_DE\" \/>\n<meta property=\"og:type\" content=\"article\" \/>\n<meta property=\"og:title\" content=\"Schwerpunkt Behindertenarbeit - Fachsozialbetreuung - SOB Saalfelden\" \/>\n<meta property=\"og:url\" content=\"https:\/\/www.sob-saalfelden.at\/?page_id=1816\" \/>\n<meta property=\"og:site_name\" content=\"SOB Saalfelden\" \/>\n<meta property=\"article:publisher\" content=\"https:\/\/www.facebook.com\/profile.php?id=100054260961375&amp;locale=de_DE\" \/>\n<meta property=\"article:modified_time\" content=\"2025-05-23T10:18:12+00:00\" \/>\n<meta property=\"og:image\" content=\"https:\/\/www.sob-saalfelden.at\/wp-content\/uploads\/2023\/04\/banner1.jpg\" \/>\n\t<meta property=\"og:image:width\" content=\"2420\" \/>\n\t<meta property=\"og:image:height\" content=\"1000\" \/>\n\t<meta property=\"og:image:type\" content=\"image\/jpeg\" \/>\n<meta name=\"twitter:card\" content=\"summary_large_image\" \/>\n<meta name=\"twitter:label1\" content=\"Gesch\u00e4tzte Lesezeit\" \/>\n\t<meta name=\"twitter:data1\" content=\"1 Minute\" \/>\n<script type=\"application\/ld+json\" class=\"yoast-schema-graph\">{\"@context\":\"https:\/\/schema.org\",\"@graph\":[{\"@type\":\"WebPage\",\"@id\":\"https:\/\/www.sob-saalfelden.at\/?page_id=1816\",\"url\":\"https:\/\/www.sob-saalfelden.at\/?page_id=1816\",\"name\":\"Schwerpunkt Behindertenarbeit - Fachsozialbetreuung - SOB Saalfelden\",\"isPartOf\":{\"@id\":\"https:\/\/www.sob-saalfelden.at\/#website\"},\"datePublished\":\"2023-03-18T20:22:13+00:00\",\"dateModified\":\"2025-05-23T10:18:12+00:00\",\"breadcrumb\":{\"@id\":\"https:\/\/www.sob-saalfelden.at\/?page_id=1816#breadcrumb\"},\"inLanguage\":\"de-AT\",\"potentialAction\":[{\"@type\":\"ReadAction\",\"target\":[\"https:\/\/www.sob-saalfelden.at\/?page_id=1816\"]}]},{\"@type\":\"BreadcrumbList\",\"@id\":\"https:\/\/www.sob-saalfelden.at\/?page_id=1816#breadcrumb\",\"itemListElement\":[{\"@type\":\"ListItem\",\"position\":1,\"name\":\"Home\",\"item\":\"https:\/\/www.sob-saalfelden.at\/\"},{\"@type\":\"ListItem\",\"position\":2,\"name\":\"Schwerpunkt Behindertenarbeit &#8211; Fachsozialbetreuung\"}]},{\"@type\":\"WebSite\",\"@id\":\"https:\/\/www.sob-saalfelden.at\/#website\",\"url\":\"https:\/\/www.sob-saalfelden.at\/\",\"name\":\"SOB Saalfelden\",\"description\":\"Schule f\u00fcr Sozialbetreuungsberufe\/Altenarbeit\",\"publisher\":{\"@id\":\"https:\/\/www.sob-saalfelden.at\/#organization\"},\"alternateName\":\"Schule f\u00fcr Sozialbetreuungsberufe\/Altenarbeit\",\"potentialAction\":[{\"@type\":\"SearchAction\",\"target\":{\"@type\":\"EntryPoint\",\"urlTemplate\":\"https:\/\/www.sob-saalfelden.at\/?s={search_term_string}\"},\"query-input\":\"required name=search_term_string\"}],\"inLanguage\":\"de-AT\"},{\"@type\":\"Organization\",\"@id\":\"https:\/\/www.sob-saalfelden.at\/#organization\",\"name\":\"SOB Saalfelden\",\"alternateName\":\"Schule f\u00fcr Sozialbetreuungsberufe\/Altenarbeit\",\"url\":\"https:\/\/www.sob-saalfelden.at\/\",\"logo\":{\"@type\":\"ImageObject\",\"inLanguage\":\"de-AT\",\"@id\":\"https:\/\/www.sob-saalfelden.at\/#\/schema\/logo\/image\/\",\"url\":\"https:\/\/www.sob-saalfelden.at\/wp-content\/uploads\/2023\/03\/sob-icon.png\",\"contentUrl\":\"https:\/\/www.sob-saalfelden.at\/wp-content\/uploads\/2023\/03\/sob-icon.png\",\"width\":99,\"height\":101,\"caption\":\"SOB Saalfelden\"},\"image\":{\"@id\":\"https:\/\/www.sob-saalfelden.at\/#\/schema\/logo\/image\/\"},\"sameAs\":[\"https:\/\/www.facebook.com\/profile.php?id=100054260961375&locale=de_DE\",\"https:\/\/www.instagram.com\/sob.saalfelden\/\"]}]}<\/script>\n<!-- \/ Yoast SEO plugin. -->","yoast_head_json":{"title":"Schwerpunkt Behindertenarbeit - Fachsozialbetreuung - SOB Saalfelden","robots":{"index":"index","follow":"follow","max-snippet":"max-snippet:-1","max-image-preview":"max-image-preview:large","max-video-preview":"max-video-preview:-1"},"canonical":"https:\/\/www.sob-saalfelden.at\/?page_id=1816","og_locale":"de_DE","og_type":"article","og_title":"Schwerpunkt Behindertenarbeit - Fachsozialbetreuung - SOB Saalfelden","og_url":"https:\/\/www.sob-saalfelden.at\/?page_id=1816","og_site_name":"SOB Saalfelden","article_publisher":"https:\/\/www.facebook.com\/profile.php?id=100054260961375&locale=de_DE","article_modified_time":"2025-05-23T10:18:12+00:00","og_image":[{"width":2420,"height":1000,"url":"https:\/\/www.sob-saalfelden.at\/wp-content\/uploads\/2023\/04\/banner1.jpg","type":"image\/jpeg"}],"twitter_card":"summary_large_image","twitter_misc":{"Gesch\u00e4tzte Lesezeit":"1 Minute"},"schema":{"@context":"https:\/\/schema.org","@graph":[{"@type":"WebPage","@id":"https:\/\/www.sob-saalfelden.at\/?page_id=1816","url":"https:\/\/www.sob-saalfelden.at\/?page_id=1816","name":"Schwerpunkt Behindertenarbeit - Fachsozialbetreuung - SOB Saalfelden","isPartOf":{"@id":"https:\/\/www.sob-saalfelden.at\/#website"},"datePublished":"2023-03-18T20:22:13+00:00","dateModified":"2025-05-23T10:18:12+00:00","breadcrumb":{"@id":"https:\/\/www.sob-saalfelden.at\/?page_id=1816#breadcrumb"},"inLanguage":"de-AT","potentialAction":[{"@type":"ReadAction","target":["https:\/\/www.sob-saalfelden.at\/?page_id=1816"]}]},{"@type":"BreadcrumbList","@id":"https:\/\/www.sob-saalfelden.at\/?page_id=1816#breadcrumb","itemListElement":[{"@type":"ListItem","position":1,"name":"Home","item":"https:\/\/www.sob-saalfelden.at\/"},{"@type":"ListItem","position":2,"name":"Schwerpunkt Behindertenarbeit &#8211; Fachsozialbetreuung"}]},{"@type":"WebSite","@id":"https:\/\/www.sob-saalfelden.at\/#website","url":"https:\/\/www.sob-saalfelden.at\/","name":"SOB Saalfelden","description":"Schule f\u00fcr Sozialbetreuungsberufe\/Altenarbeit","publisher":{"@id":"https:\/\/www.sob-saalfelden.at\/#organization"},"alternateName":"Schule f\u00fcr Sozialbetreuungsberufe\/Altenarbeit","potentialAction":[{"@type":"SearchAction","target":{"@type":"EntryPoint","urlTemplate":"https:\/\/www.sob-saalfelden.at\/?s={search_term_string}"},"query-input":"required name=search_term_string"}],"inLanguage":"de-AT"},{"@type":"Organization","@id":"https:\/\/www.sob-saalfelden.at\/#organization","name":"SOB Saalfelden","alternateName":"Schule f\u00fcr Sozialbetreuungsberufe\/Altenarbeit","url":"https:\/\/www.sob-saalfelden.at\/","logo":{"@type":"ImageObject","inLanguage":"de-AT","@id":"https:\/\/www.sob-saalfelden.at\/#\/schema\/logo\/image\/","url":"https:\/\/www.sob-saalfelden.at\/wp-content\/uploads\/2023\/03\/sob-icon.png","contentUrl":"https:\/\/www.sob-saalfelden.at\/wp-content\/uploads\/2023\/03\/sob-icon.png","width":99,"height":101,"caption":"SOB Saalfelden"},"image":{"@id":"https:\/\/www.sob-saalfelden.at\/#\/schema\/logo\/image\/"},"sameAs":["https:\/\/www.facebook.com\/profile.php?id=100054260961375&locale=de_DE","https:\/\/www.instagram.com\/sob.saalfelden\/"]}]}},"_links":{"self":[{"href":"https:\/\/www.sob-saalfelden.at\/index.php?rest_route=\/wp\/v2\/pages\/1816"}],"collection":[{"href":"https:\/\/www.sob-saalfelden.at\/index.php?rest_route=\/wp\/v2\/pages"}],"about":[{"href":"https:\/\/www.sob-saalfelden.at\/index.php?rest_route=\/wp\/v2\/types\/page"}],"author":[{"embeddable":true,"href":"https:\/\/www.sob-saalfelden.at\/index.php?rest_route=\/wp\/v2\/users\/1"}],"replies":[{"embeddable":true,"href":"https:\/\/www.sob-saalfelden.at\/index.php?rest_route=%2Fwp%2Fv2%2Fcomments&post=1816"}],"version-history":[{"count":14,"href":"https:\/\/www.sob-saalfelden.at\/index.php?rest_route=\/wp\/v2\/pages\/1816\/revisions"}],"predecessor-version":[{"id":7349,"href":"https:\/\/www.sob-saalfelden.at\/index.php?rest_route=\/wp\/v2\/pages\/1816\/revisions\/7349"}],"wp:attachment":[{"href":"https:\/\/www.sob-saalfelden.at\/index.php?rest_route=%2Fwp%2Fv2%2Fmedia&parent=1816"}],"curies":[{"name":"wp","href":"https:\/\/api.w.org\/{rel}","templated":true}]}}