{"id":1835,"date":"2023-03-18T20:40:32","date_gmt":"2023-03-18T20:40:32","guid":{"rendered":"https:\/\/www.sob-saalfelden2.komd.hbla-saalfelden.at\/?page_id=1835"},"modified":"2026-04-16T08:56:18","modified_gmt":"2026-04-16T08:56:18","slug":"anmeldung","status":"publish","type":"page","link":"https:\/\/www.sob-saalfelden.at\/?page_id=1835","title":{"rendered":"Anmeldung"},"content":{"rendered":"\n<div class=\"blockart-section blockart-section-19e64921\"><div class=\"blockart-container\"><div class=\"blockart-section-inner\">\n<div class=\"blockart-column blockart-column-a6fdbe6e\"><div class=\"blockart-column-inner\"><\/div><\/div>\n\n\n\n<div class=\"blockart-column blockart-column-f749d63e\"><div class=\"blockart-column-inner\">\n<h2 class=\"blockart-heading blockart-heading-691e8802\">Anmelden f\u00fcr das Schuljahr 2026\/27<\/h2>\n<\/div><\/div>\n\n\n\n<div class=\"blockart-column blockart-column-ec615b72\"><div class=\"blockart-column-inner\"><\/div><\/div>\n<\/div><\/div><\/div>\n\n\n\n<div class=\"blockart-section blockart-section-fc1f5da9\"><div class=\"blockart-container\"><div class=\"blockart-section-inner\">\n<div class=\"blockart-column blockart-column-cf37c0b5\"><div class=\"blockart-column-inner\">\n<h5 class=\"blockart-heading blockart-heading-7599f3b2\"><br><strong>Vorbereitungslehrgang <\/strong><br><br><\/h5>\n\n\n\n<div class=\"blockart-buttons blockart-buttons-5ab5b98f is-wrap is-horizontal justify-center\">\n<div class=\"blockart-button blockart-button-77715fcf \"><a class=\"blockart-button-link is-custom is-style-filled\" href=\"https:\/\/www.sob-saalfelden.at\/wp-content\/uploads\/2025\/03\/VLS-25_26.pdf\" target=\"_blank\" rel=\"noopener\">Anmelden<\/a><\/div>\n<\/div>\n<\/div><\/div>\n\n\n\n<div class=\"blockart-column blockart-column-dee3742e\"><div class=\"blockart-column-inner\">\n<h5 class=\"blockart-heading blockart-heading-a7a2502b\"><br><strong>UBV-Heimhilfelehrgang<\/strong><br>bei ausreichenden Anmeldungen Start in Kaprun<strong><br><\/strong><br><\/h5>\n\n\n\n<div class=\"blockart-buttons blockart-buttons-d0063611 is-wrap is-horizontal justify-center\">\n<div class=\"blockart-button blockart-button-aa4a6fd2 \"><a class=\"blockart-button-link is-custom is-style-filled\" href=\"https:\/\/www.sob-saalfelden.at\/wp-content\/uploads\/2026\/04\/UBV_HH-2026_27.pdf\" target=\"_blank\" rel=\"noopener\">Anmelden<\/a><\/div>\n<\/div>\n<\/div><\/div>\n\n\n\n<div class=\"blockart-column blockart-column-a9acd139\"><div class=\"blockart-column-inner\">\n<h5 class=\"blockart-heading blockart-heading-f8d0649d\"><strong>Pflegeassistenz<br>Fach- und Diplom-Sozialbetreuung <\/strong><br><strong>Behindertenbegleitung<\/strong><\/h5>\n\n\n\n<div class=\"blockart-buttons blockart-buttons-b8912da9 is-wrap is-horizontal justify-center\">\n<div class=\"blockart-button blockart-button-39a97e6c \"><a class=\"blockart-button-link is-custom is-style-filled\" href=\"https:\/\/www.sob-saalfelden.at\/wp-content\/uploads\/2025\/05\/PA_FSB_DSB-25_26.pdf\" target=\"_blank\" rel=\"noopener\">Anmelden<\/a><\/div>\n<\/div>\n<\/div><\/div>\n<\/div><\/div><\/div>\n\n\n\n<div class=\"blockart-section blockart-section-2fddcb4d\"><div class=\"blockart-container\"><div class=\"blockart-section-inner\">\n<div class=\"blockart-column blockart-column-acc21382\"><div class=\"blockart-column-inner\">\n<h5 class=\"blockart-heading blockart-heading-855f77f2\"><strong>Aufschulung <br>Fach- und Diplom-Sozialbetreuung<\/strong><br><br>(bei bereits vorhandener Pflegeausbildung)<\/h5>\n\n\n\n<div class=\"blockart-buttons blockart-buttons-5ab5b98f is-wrap is-horizontal justify-center\">\n<div class=\"blockart-button blockart-button-77715fcf \"><a class=\"blockart-button-link is-custom is-style-filled\" href=\"https:\/\/www.sob-saalfelden.at\/wp-content\/uploads\/2026\/04\/FSB_DSB-2026_27.pdf\" target=\"_blank\" rel=\"noopener\">Anmelden<\/a><\/div>\n<\/div>\n<\/div><\/div>\n\n\n\n<div class=\"blockart-column blockart-column-7e5d8cce\"><div class=\"blockart-column-inner\">\n<h5 class=\"blockart-heading blockart-heading-6d82f8d1\"><br><br><strong>Anmeldung Diplommodul<\/strong><br><br><br><\/h5>\n\n\n\n<div class=\"blockart-buttons blockart-buttons-d0063611 is-wrap is-horizontal justify-center\">\n<div class=\"blockart-button blockart-button-aa4a6fd2 \"><a class=\"blockart-button-link is-custom is-style-filled\" href=\"https:\/\/www.sob-saalfelden.at\/wp-content\/uploads\/2026\/04\/Diplommodul-2026_27.pdf\" target=\"_blank\" rel=\"noopener\">Anmelden<\/a><\/div>\n<\/div>\n<\/div><\/div>\n<\/div><\/div><\/div>\n\n\n\n<div class=\"blockart-section blockart-section-1edbad80\"><div class=\"blockart-container\"><div class=\"blockart-section-inner\">\n<div class=\"blockart-column blockart-column-b7c4c4af\"><div class=\"blockart-column-inner\"><\/div><\/div>\n\n\n\n<div class=\"blockart-column blockart-column-bf74134e\"><div class=\"blockart-column-inner\">\n<h2 class=\"blockart-heading blockart-heading-02056d49\">Wissenswertes<\/h2>\n<\/div><\/div>\n\n\n\n<div class=\"blockart-column blockart-column-44dcae4f\"><div class=\"blockart-column-inner\"><\/div><\/div>\n<\/div><\/div><\/div>\n\n\n\n<div class=\"blockart-section blockart-section-449b1b55\"><div class=\"blockart-container\"><div class=\"blockart-section-inner\">\n<div class=\"blockart-column blockart-column-0a87fbc9\"><div class=\"blockart-column-inner\">\n<h4 class=\"blockart-heading blockart-heading-2982d605\">Anmeldeschluss<\/h4>\n<\/div><\/div>\n\n\n\n<div class=\"blockart-column blockart-column-1f271734\"><div class=\"blockart-column-inner\">\n<p>Anmeldeschluss f\u00fcr den Schulbeginn f\u00fcr das Schuljahr 2026\/27 ist der 15.06.2026. Wir freuen uns auf Ihre Bewerbungen.<\/p>\n\n\n\n<p>Anmeldungen sind jederzeit m\u00f6glich, einfach oben auf die Buttons &#8222;Anmeldung f\u00fcr \u2026&#8220; anklicken und herunterladen.<\/p>\n\n\n\n<p><\/p>\n\n\n\n<p class=\"has-medium-font-size\">Die UBV\/HH Ausbildung startet bei ausreichenden Anmeldungen in Kaprun.<\/p>\n<\/div><\/div>\n<\/div><\/div><\/div>\n\n\n\n<hr class=\"wp-block-separator has-alpha-channel-opacity is-style-wide\"\/>\n\n\n\n<div class=\"blockart-section blockart-section-1a0e737d\"><div class=\"blockart-container\"><div class=\"blockart-section-inner\">\n<div class=\"blockart-column blockart-column-d22e3a50\"><div class=\"blockart-column-inner\">\n<h4 class=\"blockart-heading blockart-heading-8ed2b320\">Einschreibegeb\u00fchr<\/h4>\n<\/div><\/div>\n\n\n\n<div class=\"blockart-column blockart-column-45f0bf92\"><div class=\"blockart-column-inner\">\n<p class=\"blockart-paragraph blockart-paragraph-a340634c\">Einschreibegeb\u00fchr sind \u20ac 50,-. Bei Absage durch die Aufnahmekommission wird die Einschreibegeb\u00fchr zur\u00fcckerstattet.<\/p>\n<\/div><\/div>\n<\/div><\/div><\/div>\n\n\n\n<hr class=\"wp-block-separator has-alpha-channel-opacity is-style-wide\"\/>\n\n\n\n<div class=\"blockart-section blockart-section-e5d27c4c\"><div class=\"blockart-container\"><div class=\"blockart-section-inner\">\n<div class=\"blockart-column blockart-column-6f5cd71d\"><div class=\"blockart-column-inner\">\n<h4 class=\"blockart-heading blockart-heading-4f6b18fc\">Voraussetzungen<\/h4>\n<\/div><\/div>\n\n\n\n<div class=\"blockart-column blockart-column-b9e32855\"><div class=\"blockart-column-inner\">\n<ul>\n<li>Erfolgreicher Abschluss einer Berufsausbildung oder einer mittleren\/h\u00f6heren Schule<\/li>\n\n\n\n<li>F\u00fcr Vorbereitungslehrgang kein Abschluss notwendig<\/li>\n\n\n\n<li>Vollendetes 17. Lebensjahr f\u00fcr die Tagesform<\/li>\n\n\n\n<li>Vollendetes 19. Lebensjahr f\u00fcr die Berufst\u00e4tigenform<\/li>\n\n\n\n<li>Vollendetes 16. Lebensjahr f\u00fcr den Vorbereitungslehrgang<\/li>\n\n\n\n<li>Psychische und gesundheitliche Eignung f\u00fcr den Pflegeberuf (f\u00fcr die Pflegeassistenz)<\/li>\n\n\n\n<li>Vertrauensw\u00fcrdigkeit (Strafregisterauszug)<\/li>\n\n\n\n<li>Positives Ergebnis eines Aufnahmegespr\u00e4ches<\/li>\n\n\n\n<li>\u00dcber die Aufnahme entscheidet der Rechtstr\u00e4ger der Schule und die Leitung der Pflegeassistenzausbildung nach dem Aufnahmegespr\u00e4ch<br><br><br><br><br><\/li>\n<\/ul>\n<\/div><\/div>\n<\/div><\/div><\/div>\n\n\n\n<hr class=\"wp-block-separator has-alpha-channel-opacity is-style-wide\"\/>\n\n\n\n<p><\/p>\n\n\n\n<div class=\"blockart-section blockart-section-2f1d97ef\"><div class=\"blockart-container\"><div class=\"blockart-section-inner\">\n<div class=\"blockart-column blockart-column-07413cb5\"><div class=\"blockart-column-inner\">\n<div class=\"blockart-image blockart-image-82c197a0\"><img decoding=\"async\" loading=\"lazy\" width=\"1280\" height=\"1920\" class=\"wp-image-7120\" src=\"https:\/\/www.sob-saalfelden.at\/wp-content\/uploads\/2025\/05\/holding-hands-8288239_1920.jpg\" alt=\"https:\/\/pixabay.com\/de\/photos\/h%C3%A4nde-halten-ber%C3%BChrend-unterst%C3%BCtzend-8288239\/\" srcset=\"https:\/\/www.sob-saalfelden.at\/wp-content\/uploads\/2025\/05\/holding-hands-8288239_1920.jpg 1280w, https:\/\/www.sob-saalfelden.at\/wp-content\/uploads\/2025\/05\/holding-hands-8288239_1920-200x300.jpg 200w, https:\/\/www.sob-saalfelden.at\/wp-content\/uploads\/2025\/05\/holding-hands-8288239_1920-683x1024.jpg 683w, https:\/\/www.sob-saalfelden.at\/wp-content\/uploads\/2025\/05\/holding-hands-8288239_1920-768x1152.jpg 768w, https:\/\/www.sob-saalfelden.at\/wp-content\/uploads\/2025\/05\/holding-hands-8288239_1920-1024x1536.jpg 1024w\" sizes=\"(max-width: 1280px) 100vw, 1280px\" \/><\/div>\n<\/div><\/div>\n\n\n\n<div class=\"blockart-column blockart-column-6ec219a4\"><div class=\"blockart-column-inner\">\n<div class=\"blockart-image blockart-image-bc297ea0\"><img decoding=\"async\" loading=\"lazy\" class=\"wp-image-2282\" src=\"https:\/\/www.sob-saalfelden.at\/wp-content\/uploads\/2023\/04\/bett.jpg\" alt=\"\" height=\"500\" width=\"700\" srcset=\"https:\/\/www.sob-saalfelden.at\/wp-content\/uploads\/2023\/04\/bett.jpg 700w, https:\/\/www.sob-saalfelden.at\/wp-content\/uploads\/2023\/04\/bett-300x214.jpg 300w\" sizes=\"(max-width: 700px) 100vw, 700px\" \/><\/div>\n<\/div><\/div>\n\n\n\n<div class=\"blockart-column blockart-column-1f1aecb9\"><div class=\"blockart-column-inner\">\n<div class=\"blockart-image blockart-image-70779180\"><img decoding=\"async\" loading=\"lazy\" width=\"1280\" height=\"550\" class=\"wp-image-7121\" src=\"https:\/\/www.sob-saalfelden.at\/wp-content\/uploads\/2025\/05\/door-672999_1280.jpg\" alt=\"https:\/\/pixabay.com\/de\/photos\/t%C3%BCr-ver%C3%A4nderung-neuanfang-brett-672999\/\" srcset=\"https:\/\/www.sob-saalfelden.at\/wp-content\/uploads\/2025\/05\/door-672999_1280.jpg 1280w, https:\/\/www.sob-saalfelden.at\/wp-content\/uploads\/2025\/05\/door-672999_1280-300x129.jpg 300w, https:\/\/www.sob-saalfelden.at\/wp-content\/uploads\/2025\/05\/door-672999_1280-1024x440.jpg 1024w, https:\/\/www.sob-saalfelden.at\/wp-content\/uploads\/2025\/05\/door-672999_1280-768x330.jpg 768w\" sizes=\"(max-width: 1280px) 100vw, 1280px\" \/><\/div>\n<\/div><\/div>\n<\/div><\/div><\/div>\n","protected":false},"excerpt":{"rendered":"","protected":false},"author":1,"featured_media":0,"parent":0,"menu_order":0,"comment_status":"closed","ping_status":"closed","template":"","meta":[],"yoast_head":"<!-- This site is optimized with the Yoast SEO plugin v20.11 - https:\/\/yoast.com\/wordpress\/plugins\/seo\/ -->\n<title>Anmeldung - SOB Saalfelden<\/title>\n<meta name=\"robots\" content=\"index, follow, max-snippet:-1, max-image-preview:large, max-video-preview:-1\" \/>\n<link rel=\"canonical\" href=\"https:\/\/www.sob-saalfelden.at\/?page_id=1835\" \/>\n<meta property=\"og:locale\" content=\"de_DE\" \/>\n<meta property=\"og:type\" content=\"article\" \/>\n<meta property=\"og:title\" content=\"Anmeldung - SOB Saalfelden\" \/>\n<meta property=\"og:url\" content=\"https:\/\/www.sob-saalfelden.at\/?page_id=1835\" \/>\n<meta property=\"og:site_name\" content=\"SOB Saalfelden\" \/>\n<meta property=\"article:publisher\" content=\"https:\/\/www.facebook.com\/profile.php?id=100054260961375&amp;locale=de_DE\" \/>\n<meta property=\"article:modified_time\" content=\"2026-04-16T08:56:18+00:00\" \/>\n<meta property=\"og:image\" content=\"https:\/\/www.sob-saalfelden.at\/wp-content\/uploads\/2025\/05\/holding-hands-8288239_1920.jpg\" \/>\n<meta name=\"twitter:card\" content=\"summary_large_image\" \/>\n<meta name=\"twitter:label1\" content=\"Gesch\u00e4tzte Lesezeit\" \/>\n\t<meta name=\"twitter:data1\" content=\"2 Minuten\" \/>\n<script type=\"application\/ld+json\" class=\"yoast-schema-graph\">{\"@context\":\"https:\/\/schema.org\",\"@graph\":[{\"@type\":\"WebPage\",\"@id\":\"https:\/\/www.sob-saalfelden.at\/?page_id=1835\",\"url\":\"https:\/\/www.sob-saalfelden.at\/?page_id=1835\",\"name\":\"Anmeldung - SOB Saalfelden\",\"isPartOf\":{\"@id\":\"https:\/\/www.sob-saalfelden.at\/#website\"},\"datePublished\":\"2023-03-18T20:40:32+00:00\",\"dateModified\":\"2026-04-16T08:56:18+00:00\",\"breadcrumb\":{\"@id\":\"https:\/\/www.sob-saalfelden.at\/?page_id=1835#breadcrumb\"},\"inLanguage\":\"de-AT\",\"potentialAction\":[{\"@type\":\"ReadAction\",\"target\":[\"https:\/\/www.sob-saalfelden.at\/?page_id=1835\"]}]},{\"@type\":\"BreadcrumbList\",\"@id\":\"https:\/\/www.sob-saalfelden.at\/?page_id=1835#breadcrumb\",\"itemListElement\":[{\"@type\":\"ListItem\",\"position\":1,\"name\":\"Home\",\"item\":\"https:\/\/www.sob-saalfelden.at\/\"},{\"@type\":\"ListItem\",\"position\":2,\"name\":\"Anmeldung\"}]},{\"@type\":\"WebSite\",\"@id\":\"https:\/\/www.sob-saalfelden.at\/#website\",\"url\":\"https:\/\/www.sob-saalfelden.at\/\",\"name\":\"SOB Saalfelden\",\"description\":\"Schule f\u00fcr Sozialbetreuungsberufe\/Altenarbeit\",\"publisher\":{\"@id\":\"https:\/\/www.sob-saalfelden.at\/#organization\"},\"alternateName\":\"Schule f\u00fcr Sozialbetreuungsberufe\/Altenarbeit\",\"potentialAction\":[{\"@type\":\"SearchAction\",\"target\":{\"@type\":\"EntryPoint\",\"urlTemplate\":\"https:\/\/www.sob-saalfelden.at\/?s={search_term_string}\"},\"query-input\":\"required name=search_term_string\"}],\"inLanguage\":\"de-AT\"},{\"@type\":\"Organization\",\"@id\":\"https:\/\/www.sob-saalfelden.at\/#organization\",\"name\":\"SOB Saalfelden\",\"alternateName\":\"Schule f\u00fcr Sozialbetreuungsberufe\/Altenarbeit\",\"url\":\"https:\/\/www.sob-saalfelden.at\/\",\"logo\":{\"@type\":\"ImageObject\",\"inLanguage\":\"de-AT\",\"@id\":\"https:\/\/www.sob-saalfelden.at\/#\/schema\/logo\/image\/\",\"url\":\"https:\/\/www.sob-saalfelden.at\/wp-content\/uploads\/2023\/03\/sob-icon.png\",\"contentUrl\":\"https:\/\/www.sob-saalfelden.at\/wp-content\/uploads\/2023\/03\/sob-icon.png\",\"width\":99,\"height\":101,\"caption\":\"SOB Saalfelden\"},\"image\":{\"@id\":\"https:\/\/www.sob-saalfelden.at\/#\/schema\/logo\/image\/\"},\"sameAs\":[\"https:\/\/www.facebook.com\/profile.php?id=100054260961375&locale=de_DE\",\"https:\/\/www.instagram.com\/sob.saalfelden\/\"]}]}<\/script>\n<!-- \/ Yoast SEO plugin. -->","yoast_head_json":{"title":"Anmeldung - SOB Saalfelden","robots":{"index":"index","follow":"follow","max-snippet":"max-snippet:-1","max-image-preview":"max-image-preview:large","max-video-preview":"max-video-preview:-1"},"canonical":"https:\/\/www.sob-saalfelden.at\/?page_id=1835","og_locale":"de_DE","og_type":"article","og_title":"Anmeldung - SOB Saalfelden","og_url":"https:\/\/www.sob-saalfelden.at\/?page_id=1835","og_site_name":"SOB Saalfelden","article_publisher":"https:\/\/www.facebook.com\/profile.php?id=100054260961375&locale=de_DE","article_modified_time":"2026-04-16T08:56:18+00:00","og_image":[{"url":"https:\/\/www.sob-saalfelden.at\/wp-content\/uploads\/2025\/05\/holding-hands-8288239_1920.jpg"}],"twitter_card":"summary_large_image","twitter_misc":{"Gesch\u00e4tzte Lesezeit":"2 Minuten"},"schema":{"@context":"https:\/\/schema.org","@graph":[{"@type":"WebPage","@id":"https:\/\/www.sob-saalfelden.at\/?page_id=1835","url":"https:\/\/www.sob-saalfelden.at\/?page_id=1835","name":"Anmeldung - SOB Saalfelden","isPartOf":{"@id":"https:\/\/www.sob-saalfelden.at\/#website"},"datePublished":"2023-03-18T20:40:32+00:00","dateModified":"2026-04-16T08:56:18+00:00","breadcrumb":{"@id":"https:\/\/www.sob-saalfelden.at\/?page_id=1835#breadcrumb"},"inLanguage":"de-AT","potentialAction":[{"@type":"ReadAction","target":["https:\/\/www.sob-saalfelden.at\/?page_id=1835"]}]},{"@type":"BreadcrumbList","@id":"https:\/\/www.sob-saalfelden.at\/?page_id=1835#breadcrumb","itemListElement":[{"@type":"ListItem","position":1,"name":"Home","item":"https:\/\/www.sob-saalfelden.at\/"},{"@type":"ListItem","position":2,"name":"Anmeldung"}]},{"@type":"WebSite","@id":"https:\/\/www.sob-saalfelden.at\/#website","url":"https:\/\/www.sob-saalfelden.at\/","name":"SOB Saalfelden","description":"Schule f\u00fcr Sozialbetreuungsberufe\/Altenarbeit","publisher":{"@id":"https:\/\/www.sob-saalfelden.at\/#organization"},"alternateName":"Schule f\u00fcr Sozialbetreuungsberufe\/Altenarbeit","potentialAction":[{"@type":"SearchAction","target":{"@type":"EntryPoint","urlTemplate":"https:\/\/www.sob-saalfelden.at\/?s={search_term_string}"},"query-input":"required name=search_term_string"}],"inLanguage":"de-AT"},{"@type":"Organization","@id":"https:\/\/www.sob-saalfelden.at\/#organization","name":"SOB Saalfelden","alternateName":"Schule f\u00fcr Sozialbetreuungsberufe\/Altenarbeit","url":"https:\/\/www.sob-saalfelden.at\/","logo":{"@type":"ImageObject","inLanguage":"de-AT","@id":"https:\/\/www.sob-saalfelden.at\/#\/schema\/logo\/image\/","url":"https:\/\/www.sob-saalfelden.at\/wp-content\/uploads\/2023\/03\/sob-icon.png","contentUrl":"https:\/\/www.sob-saalfelden.at\/wp-content\/uploads\/2023\/03\/sob-icon.png","width":99,"height":101,"caption":"SOB Saalfelden"},"image":{"@id":"https:\/\/www.sob-saalfelden.at\/#\/schema\/logo\/image\/"},"sameAs":["https:\/\/www.facebook.com\/profile.php?id=100054260961375&locale=de_DE","https:\/\/www.instagram.com\/sob.saalfelden\/"]}]}},"_links":{"self":[{"href":"https:\/\/www.sob-saalfelden.at\/index.php?rest_route=\/wp\/v2\/pages\/1835"}],"collection":[{"href":"https:\/\/www.sob-saalfelden.at\/index.php?rest_route=\/wp\/v2\/pages"}],"about":[{"href":"https:\/\/www.sob-saalfelden.at\/index.php?rest_route=\/wp\/v2\/types\/page"}],"author":[{"embeddable":true,"href":"https:\/\/www.sob-saalfelden.at\/index.php?rest_route=\/wp\/v2\/users\/1"}],"replies":[{"embeddable":true,"href":"https:\/\/www.sob-saalfelden.at\/index.php?rest_route=%2Fwp%2Fv2%2Fcomments&post=1835"}],"version-history":[{"count":87,"href":"https:\/\/www.sob-saalfelden.at\/index.php?rest_route=\/wp\/v2\/pages\/1835\/revisions"}],"predecessor-version":[{"id":11070,"href":"https:\/\/www.sob-saalfelden.at\/index.php?rest_route=\/wp\/v2\/pages\/1835\/revisions\/11070"}],"wp:attachment":[{"href":"https:\/\/www.sob-saalfelden.at\/index.php?rest_route=%2Fwp%2Fv2%2Fmedia&parent=1835"}],"curies":[{"name":"wp","href":"https:\/\/api.w.org\/{rel}","templated":true}]}}